{"id":26,"date":"2018-06-19T09:12:34","date_gmt":"2018-06-19T09:12:34","guid":{"rendered":"http:\/\/manfred-mai.de\/?page_id=26"},"modified":"2026-03-24T09:05:00","modified_gmt":"2026-03-24T09:05:00","slug":"biografie","status":"publish","type":"page","link":"https:\/\/manfred-mai.de\/?page_id=26","title":{"rendered":"Biografie"},"content":{"rendered":"<div class='content-column two_third'><p>Ich wurde 1949 in Winterlingen, einem Dorf auf der Schw\u00e4bischen Alb, geboren. Dort wuchs ich mit zwei Schwestern in sehr einfachen Verh\u00e4ltnissen auf.<\/p>\n<p>Am liebsten spielte ich mit meinen Freunden Fu\u00dfball; wir zogen auch oft durch W\u00e4lder, bauten H\u00fctten, erforschten H\u00f6hlen oder k\u00e4mpften gegen feindliche Banden. Manchmal las ich auch, aber B\u00fccher waren damals f\u00fcr mich noch nicht besonders wichtig.<br \/>\nWeil ich nicht gern zur Schule ging, wollte ich sie so schnell wie m\u00f6glich hinter mich bringen. Nach acht Jahren Volksschule begann ich eine Malerlehre und arbeitete danach drei Jahre in einer Werkzeugfabrik.<\/p>\n<p>Aber so war ich mit meinem Leben nicht zufrieden. Ich machte mich auf die Suche, ohne genau zu wissen, wonach ich suchte. Um diese Zeit fing ich an zu lesen. Und ich merkte schnell, was ich bis dahin vers\u00e4umt hatte. Ganz besonders interessierten mich Geschichte und Politik, psychologische B\u00fccher und Fragen der Erziehung. Schlie\u00dflich entstand bei mir der Wunsch, Lehrer zu werden. \u00dcber den zweiten Bildungsweg erhielt ich die Hochschulreife, studierte P\u00e4dagogik und unterrichtete anschlie\u00dfend acht Jahre an verschiedenen Realschulen.<\/p>\n<p>Nebenher schrieb ich Geschichten und Gedichte. Schreiben wurde f\u00fcr mich so wichtig wie das Lesen &#8211; vielleicht sogar noch wichtiger. 1978 wurden meine ersten Texte ver\u00f6ffentlicht, und seither sind fast 200 B\u00fccher erschienen. Die meisten besch\u00e4ftigen sich mit dem Zusammen- und Auseinanderleben von Kindern, Jugendlichen und Erwachsenen.<br \/>\nIch schreibe besonders gern f\u00fcr Kinder, weil ich ihre Phantasie anregen m\u00f6chte und weil ich mir w\u00fcnsche, dass sie durch meine B\u00fccher sich selbst und ihre Umwelt immer wieder neu sehen lernen.<\/p>\n<p>Wer etwas mehr \u00fcber mich und meine Arbeit erfahren m\u00f6chte, kann das Interview bei <strong><em>Antolin<\/em><\/strong> lesen. Hier der Link dazu:<\/p>\n<p>https:\/\/antolin.westermann.de\/news\/news24\/manfredmai_2409\/InterviewmitManfredMai.pdf?v=1<\/p>\n<p>&nbsp;<\/p><\/div>\n<p>&nbsp;<\/p>\n<div class='content-column one_third last_column'><p><img decoding=\"async\" loading=\"lazy\" class=\"aligncenter wp-image-105\" src=\"https:\/\/manfred-mai.de\/wp-content\/uploads\/2018\/06\/biographie-66x300.png\" alt=\"Biographie Manfred Mai\" width=\"154\" height=\"700\" srcset=\"https:\/\/manfred-mai.de\/wp-content\/uploads\/2018\/06\/biographie-66x300.png 66w, https:\/\/manfred-mai.de\/wp-content\/uploads\/2018\/06\/biographie.png 197w\" sizes=\"(max-width: 154px) 100vw, 154px\" \/><\/p><\/div><div class='clear_column'><\/div>\n","protected":false},"excerpt":{"rendered":"<p>&nbsp;<\/p>\n","protected":false},"author":1,"featured_media":0,"parent":0,"menu_order":0,"comment_status":"closed","ping_status":"closed","template":"","meta":[],"_links":{"self":[{"href":"https:\/\/manfred-mai.de\/index.php?rest_route=\/wp\/v2\/pages\/26"}],"collection":[{"href":"https:\/\/manfred-mai.de\/index.php?rest_route=\/wp\/v2\/pages"}],"about":[{"href":"https:\/\/manfred-mai.de\/index.php?rest_route=\/wp\/v2\/types\/page"}],"author":[{"embeddable":true,"href":"https:\/\/manfred-mai.de\/index.php?rest_route=\/wp\/v2\/users\/1"}],"replies":[{"embeddable":true,"href":"https:\/\/manfred-mai.de\/index.php?rest_route=%2Fwp%2Fv2%2Fcomments&post=26"}],"version-history":[{"count":11,"href":"https:\/\/manfred-mai.de\/index.php?rest_route=\/wp\/v2\/pages\/26\/revisions"}],"predecessor-version":[{"id":838,"href":"https:\/\/manfred-mai.de\/index.php?rest_route=\/wp\/v2\/pages\/26\/revisions\/838"}],"wp:attachment":[{"href":"https:\/\/manfred-mai.de\/index.php?rest_route=%2Fwp%2Fv2%2Fmedia&parent=26"}],"curies":[{"name":"wp","href":"https:\/\/api.w.org\/{rel}","templated":true}]}}