{"id":40,"date":"2018-06-19T09:21:37","date_gmt":"2018-06-19T09:21:37","guid":{"rendered":"http:\/\/manfred-mai.de\/?page_id=40"},"modified":"2018-06-27T17:58:47","modified_gmt":"2018-06-27T17:58:47","slug":"impressum","status":"publish","type":"page","link":"https:\/\/manfred-mai.de\/?page_id=40","title":{"rendered":"Impressum"},"content":{"rendered":"<p>Manfred Mai<br \/>\nOtto-Butz-Str. 12<br \/>\n72474 Winterlingen<\/p>\n<p>Tel.: 07434\/3949<br \/>\nFax:\u00a0 07434\/3023<\/p>\n<p>E-Mail: <a href=\"mailto:mm-mai@t-online.de\">mm-mai@t-online.de<\/a><br \/>\nWebseite: www.manfred-mai.de<\/p>\n<p>Umsetzung: michaelsetz.com<\/p>\n<hr \/>\n<p class=\"style1\">Rechtliche Hinweise<\/p>\n<p><strong>Haftungsbeschr\u00e4nkung f\u00fcr eigene Inhalte<\/strong> Alle Inhalte meines Internetauftritts wurden mit Sorgfalt und nach bestem Gewissen erstellt. Eine Gew\u00e4hr f\u00fcr die Aktualit\u00e4t, Vollst\u00e4ndigkeit und Richtigkeit s\u00e4mtlicher Seiten kann jedoch nicht \u00fcbernommen werden. Gem\u00e4\u00df \u00a7 7 Abs. 1 TMG bin ich f\u00fcr eigene Inhalte auf diesen Seiten nach den allgemeinen Gesetzen verantwortlich, nach den \u00a7\u00a7 8 bis 10 TMG jedoch nicht verpflichtet, die \u00fcbermittelten oder gespeicherten fremden Informationen zu \u00fcberwachen. Eine umgehende Entfernung dieser Inhalte erfolgt ab dem Zeitpunkt der Kenntnis einer konkreten Rechtsverletzung und wir haften nicht vor dem Zeitpunkt der Kenntniserlangung.<\/p>\n<p><strong>Haftungsbeschr\u00e4nkung f\u00fcr externe Links<\/strong> Meine Webseite enth\u00e4lt sog. \u201eexterne Links\u201c (Verkn\u00fcpfungen zu Webseiten Dritter), auf deren Inhalt ich keinen Einfluss habe und f\u00fcr den ich aus diesem Grund keine Gew\u00e4hr \u00fcbernehme. F\u00fcr die Inhalte und Richtigkeit der Informationen ist der jeweilige Informationsanbieter der verlinkten Webseite verantwortlich. Als die Verlinkung vorgenommen wurde, waren f\u00fcr uns keine Rechtsverst\u00f6\u00dfe erkennbar. Sollte uns eine Rechtsverletzung bekannt werden, wird der jeweilige Link umgehend von uns entfernt.<\/p>\n<p><strong>Urheberrecht<\/strong> Die auf dieser Webseite ver\u00f6ffentlichten Inhalte und Werke unterliegen dem deutschen Urheberrecht. Jede Art der Vervielf\u00e4ltigung, Bearbeitung, Verbreitung und jede Art der Verwertung au\u00dferhalb der Grenzen des Urheberrechts bedarf der vorherigen schriftlichen Zustimmung des jeweiligen Urhebers bzw. Autors.<\/p>\n","protected":false},"excerpt":{"rendered":"<p>Manfred Mai Otto-Butz-Str. 12 72474 Winterlingen Tel.: 07434\/3949 Fax:\u00a0 07434\/3023 E-Mail: mm-mai@t-online.de Webseite: www.manfred-mai.de Umsetzung: michaelsetz.com Rechtliche Hinweise Haftungsbeschr\u00e4nkung f\u00fcr eigene Inhalte Alle Inhalte meines Internetauftritts wurden mit Sorgfalt und nach bestem Gewissen erstellt. Eine Gew\u00e4hr f\u00fcr die Aktualit\u00e4t, Vollst\u00e4ndigkeit und Richtigkeit s\u00e4mtlicher Seiten kann jedoch nicht \u00fcbernommen werden. Gem\u00e4\u00df \u00a7 7 Abs. 1 TMG &hellip;<\/p>\n","protected":false},"author":1,"featured_media":0,"parent":0,"menu_order":0,"comment_status":"closed","ping_status":"closed","template":"","meta":[],"_links":{"self":[{"href":"https:\/\/manfred-mai.de\/index.php?rest_route=\/wp\/v2\/pages\/40"}],"collection":[{"href":"https:\/\/manfred-mai.de\/index.php?rest_route=\/wp\/v2\/pages"}],"about":[{"href":"https:\/\/manfred-mai.de\/index.php?rest_route=\/wp\/v2\/types\/page"}],"author":[{"embeddable":true,"href":"https:\/\/manfred-mai.de\/index.php?rest_route=\/wp\/v2\/users\/1"}],"replies":[{"embeddable":true,"href":"https:\/\/manfred-mai.de\/index.php?rest_route=%2Fwp%2Fv2%2Fcomments&post=40"}],"version-history":[{"count":2,"href":"https:\/\/manfred-mai.de\/index.php?rest_route=\/wp\/v2\/pages\/40\/revisions"}],"predecessor-version":[{"id":376,"href":"https:\/\/manfred-mai.de\/index.php?rest_route=\/wp\/v2\/pages\/40\/revisions\/376"}],"wp:attachment":[{"href":"https:\/\/manfred-mai.de\/index.php?rest_route=%2Fwp%2Fv2%2Fmedia&parent=40"}],"curies":[{"name":"wp","href":"https:\/\/api.w.org\/{rel}","templated":true}]}}